{"id":1543,"date":"2025-02-24T17:56:11","date_gmt":"2025-02-24T09:56:11","guid":{"rendered":"https:\/\/szxqfkj.com\/?page_id=1543"},"modified":"2025-03-04T10:02:02","modified_gmt":"2025-03-04T02:02:02","slug":"kontaktieren-sie-uns","status":"publish","type":"page","link":"https:\/\/szxqfkj.com\/de\/kontaktieren-sie-uns\/","title":{"rendered":"Kontakt US"},"content":{"rendered":"<section class=\"l-section wpb_row us_custom_cf9baf6b custom-row height_medium color_secondary\"><div class=\"l-section-overlay\" style=\"background:linear-gradient(215deg,rgba(4,47,107,0.1),rgba(2,19,33,0.60))\"><\/div><div class=\"l-section-h i-cf\"><div class=\"g-cols vc_row via_grid cols_1 laptops-cols_inherit tablets-cols_inherit mobiles-cols_1 valign_middle type_boxes stacking_default\" style=\"--columns-gap:0rem;\"><div class=\"wpb_column vc_column_container\"><div class=\"vc_column-inner\"><h1 class=\"w-post-elm post_title us_custom_0916bf32 align_left entry-title color_link_inherit\">Kontakt US<\/h1><div class=\"w-separator size_large\"><\/div><nav class=\"g-breadcrumbs us_custom_520fdab8 separator_custom align_none\" itemscope itemtype=\"http:\/\/schema.org\/BreadcrumbList\"><div class=\"g-breadcrumbs-item\" itemscope itemprop=\"itemListElement\" itemtype=\"http:\/\/schema.org\/ListItem\"><a itemprop=\"item\" href=\"https:\/\/szxqfkj.com\/de\/\"><span itemprop=\"name\">Start<\/span><\/a><meta itemprop=\"position\" content=\"1\"\/><\/div><div class=\"g-breadcrumbs-separator\">\/<\/div><div class=\"g-breadcrumbs-item\">Seiten<\/div><\/nav><\/div><\/div><\/div><\/div><\/section><section class=\"l-section wpb_row height_medium\"><div class=\"l-section-h i-cf\"><div class=\"g-cols vc_row via_grid cols_1 laptops-cols_inherit tablets-cols_inherit mobiles-cols_1 valign_top type_default stacking_default\"><div class=\"wpb_column vc_column_container\"><div class=\"vc_column-inner\"><\/div><\/div><\/div><\/div><\/section><section class=\"l-section wpb_row height_medium\"><div class=\"l-section-h i-cf\"><div class=\"g-cols vc_row via_grid cols_2 laptops-cols_2 tablets-cols_1 mobiles-cols_1 valign_top type_default stacking_default\"><div class=\"wpb_column vc_column_container us_custom_f675bb3e\"><div class=\"vc_column-inner\"><div class=\"w-text us_custom_73243e18 has_text_color\"><span class=\"w-text-h\"><span class=\"w-text-value\">Schnell bekommen<\/span><\/span><\/div><div class=\"wpb_text_column us_custom_89417669\"><div class=\"wpb_wrapper\"><h2 style=\"text-align: left;\">Antwort<\/h2>\n<\/div><\/div><div class=\"w-separator size_small\"><\/div><div class=\"wpb_text_column us_custom_029c40e5\"><div class=\"wpb_wrapper\"><p>Teilen Sie uns Ihren Bedarf mit, wir werden uns in k\u00fcrzester Zeit mit Ihnen in Verbindung setzen.<\/p>\n<\/div><\/div><div class=\"w-separator size_custom with_line width_default thick_1 style_solid color_border align_center\" style=\"height:2rem\"><div class=\"w-separator-h\"><\/div><\/div><div class=\"w-iconbox iconpos_left style_outlined color_primary align_left no_text\"><div class=\"w-iconbox-icon\" style=\"font-size:17px;\"><i class=\"far fa-map-marker-alt\"><\/i><\/div><div class=\"w-iconbox-meta\"><div class=\"w-iconbox-title\">Geb\u00e4ude 3, Nr. 15, Zhongqian Road, Qingxi Town, Dongguan City, Guangdong Province<\/div><\/div><\/div><div class=\"w-separator size_custom\" style=\"height:1rem\"><\/div><div class=\"w-iconbox iconpos_left style_outlined color_primary align_left no_text\"><div class=\"w-iconbox-icon\" style=\"font-size:17px;\"><i class=\"far fa-phone\"><\/i><\/div><div class=\"w-iconbox-meta\"><div class=\"w-iconbox-title\">+86 18926456687<\/div><\/div><\/div><div class=\"w-separator size_custom\" style=\"height:1rem\"><\/div><div class=\"w-iconbox iconpos_left style_outlined color_primary align_left no_text\"><a href=\"mailto:info@example.com\" class=\"w-iconbox-link\" aria-label=\"sales@szxqfkj.com\"><div class=\"w-iconbox-icon\" style=\"font-size:17px;\"><i class=\"far fa-envelope\"><\/i><\/div><\/a><div class=\"w-iconbox-meta\"><div class=\"w-iconbox-title\"><a href=\"mailto:info@example.com\" class=\"w-iconbox-link\" aria-label=\"sales@szxqfkj.com\">sales@szxqfkj.com<\/a><\/div><\/div><\/div><\/div><\/div><div class=\"wpb_column vc_column_container\"><div class=\"vc_column-inner\"><div class=\"wpb_text_column us_custom_89417669\"><div class=\"wpb_wrapper\"><h2 style=\"text-align: left;\">Kontaktieren Sie uns<\/h2>\n<\/div><\/div><div class=\"w-separator size_small\"><\/div><div class=\"wpb_text_column us_custom_89417669\"><div class=\"wpb_wrapper\"><p style=\"text-align: left;\">F\u00fcllen Sie das untenstehende Formular so einfach wie m\u00f6glich aus und k\u00fcmmern Sie sich nicht um die Details. Wir werden Sie so schnell wie m\u00f6glich kontaktieren.<\/p>\n<\/div><\/div><div class=\"w-separator size_small\"><\/div>\n<div class=\"wpcf7 no-js\" id=\"wpcf7-f8-o1\" lang=\"en-US\" dir=\"ltr\" data-wpcf7-id=\"8\">\n<div class=\"screen-reader-response\"><p role=\"status\" aria-live=\"polite\" aria-atomic=\"true\"><\/p> <ul><\/ul><\/div>\n<form action=\"\/de\/wp-json\/wp\/v2\/pages\/1543#wpcf7-f8-o1\" method=\"post\" class=\"wpcf7-form init\" aria-label=\"Kontakt-Formular\" enctype=\"multipart\/form-data\" novalidate=\"novalidate\" data-status=\"init\" data-trp-original-action=\"\/de\/wp-json\/wp\/v2\/pages\/1543#wpcf7-f8-o1\">\n<fieldset class=\"hidden-fields-container\"><input type=\"hidden\" name=\"_wpcf7\" value=\"8\" \/><input type=\"hidden\" name=\"_wpcf7_version\" value=\"6.1.5\" \/><input type=\"hidden\" name=\"_wpcf7_locale\" value=\"en_US\" \/><input type=\"hidden\" name=\"_wpcf7_unit_tag\" value=\"wpcf7-f8-o1\" \/><input type=\"hidden\" name=\"_wpcf7_container_post\" value=\"0\" \/><input type=\"hidden\" name=\"_wpcf7_posted_data_hash\" value=\"\" \/>\n<\/fieldset>\n<p><span class=\"wpcf7-form-control-wrap\" data-name=\"your-name\"><input size=\"40\" maxlength=\"400\" class=\"wpcf7-form-control wpcf7-text wpcf7-validates-as-required\" id=\"your-name\" aria-required=\"true\" aria-invalid=\"false\" placeholder=\"Ihr Name*\" value=\"\" type=\"text\" name=\"your-name\" \/><\/span>\n<\/p>\n<p><span class=\"wpcf7-form-control-wrap\" data-name=\"your-email\"><input size=\"40\" maxlength=\"400\" class=\"wpcf7-form-control wpcf7-email wpcf7-validates-as-required wpcf7-text wpcf7-validates-as-email\" id=\"your-email\" aria-required=\"true\" aria-invalid=\"false\" placeholder=\"Ihre E-Mail*\" value=\"\" type=\"email\" name=\"your-email\" \/><\/span>\n<\/p>\n<p><span class=\"wpcf7-form-control-wrap\" data-name=\"tel-138\"><input size=\"40\" maxlength=\"400\" class=\"wpcf7-form-control wpcf7-tel wpcf7-text wpcf7-validates-as-tel\" id=\"your-phone\" aria-invalid=\"false\" placeholder=\"Ihr Telefon\" value=\"\" type=\"tel\" name=\"tel-138\" \/><\/span>\n<\/p>\n<p><span class=\"wpcf7-form-control-wrap\" data-name=\"your-message\"><textarea cols=\"40\" rows=\"4\" maxlength=\"2000\" class=\"wpcf7-form-control wpcf7-textarea wpcf7-validates-as-required\" id=\"your-message\" aria-required=\"true\" aria-invalid=\"false\" placeholder=\"Ihre Nachricht*\" name=\"your-message\"><\/textarea><\/span>\n<\/p>\n<p><label for=\"file-upload\">Hochladen von Zeichnungen (Max: 5MB, Formate: JPG, PDF, DWG, ZIP, etc.)<\/label><br \/>\n<span class=\"wpcf7-form-control-wrap\" data-name=\"file-488\"><input size=\"40\" class=\"wpcf7-form-control wpcf7-file\" id=\"file-upload\" accept=\".jpg,.jpeg,.pdf,.dwg,.dxf,.stp,.step,.xt,.igs,.stl,.prt,.7z,.zip,.rar\" aria-invalid=\"false\" type=\"file\" name=\"file-488\" \/><\/span>\n<\/p>\n\n<!-- Cloudflare Turnstile \u9a8c\u8bc1 -->\n<div class=\"cf7-cf-turnstile\" style=\"margin-top: 0px; margin-bottom: -15px;\"> <div id=\"cf-turnstile-cf7-2617268621\" class=\"cf-turnstile\" data-sitekey=\"0x4AAAAAAA_dav2SyzuX7uSb\" data-theme=\"light\" data-language=\"auto\" data-size=\"normal\" data-retry=\"auto\" data-retry-interval=\"1000\" data-refresh-expired=\"auto\" data-action=\"contact-form-7\" data-appearance=\"always\"><\/div> <script>document.addEventListener(\"DOMContentLoaded\", function() { setTimeout(function(){ var e=document.getElementById(\"cf-turnstile-cf7-2617268621\"); e&&!e.innerHTML.trim()&&(turnstile.remove(\"#cf-turnstile-cf7-2617268621\"), turnstile.render(\"#cf-turnstile-cf7-2617268621\", {sitekey:\"0x4AAAAAAA_dav2SyzuX7uSb\"})); }, 100); });<\/script> <br class=\"cf-turnstile-br cf-turnstile-br-cf7-2617268621\"> <style>#cf-turnstile-cf7-2617268621 { margin-left: -15px; }<\/style> <script>document.addEventListener(\"DOMContentLoaded\",function(){document.querySelectorAll('.wpcf7-form').forEach(function(e){e.addEventListener('submit',function(){if(document.getElementById('cf-turnstile-cf7-2617268621')){setTimeout(function(){turnstile.reset('#cf-turnstile-cf7-2617268621');},1000)}})})});<\/script> <\/div><!-- \u63d0\u4ea4\u6309\u94ae -->\n<p align=\"center\"><input class=\"wpcf7-form-control wpcf7-submit has-spinner\" type=\"submit\" value=\"Einreichen\" \/>\n<\/p><div class=\"wpcf7-response-output\" aria-hidden=\"true\"><\/div>\n<input type=\"hidden\" name=\"trp-form-language\" value=\"de\"\/><\/form>\n<\/div>\n<\/div><\/div><\/div><\/div><\/section>","protected":false},"excerpt":{"rendered":"Kontaktieren Sie unsStart\/SeitenSchnelle Antwort erhalten Teilen Sie uns Ihre Bed\u00fcrfnisse mit, wir werden Sie in k\u00fcrzester Zeit kontaktieren. Geb\u00e4ude 3, Nr. 15, Zhongqian Road, Qingxi Stadt, Dongguan Stadt, Provinz Guangdong+86 18926456687sales@szxqfkj.comKontaktieren Sie uns F\u00fcllen Sie das untenstehende Formular so einfach wie m\u00f6glich aus und machen Sie sich keine Sorgen um die Details. Wir werden Sie so schnell wie m\u00f6glich kontaktieren. Zeichnungen hochladen (Max:...","protected":false},"author":1,"featured_media":0,"parent":0,"menu_order":0,"comment_status":"closed","ping_status":"closed","template":"","meta":{"_acf_changed":false,"footnotes":""},"class_list":["post-1543","page","type-page","status-publish","hentry"],"acf":[],"_links":{"self":[{"href":"https:\/\/szxqfkj.com\/de\/wp-json\/wp\/v2\/pages\/1543","targetHints":{"allow":["GET"]}}],"collection":[{"href":"https:\/\/szxqfkj.com\/de\/wp-json\/wp\/v2\/pages"}],"about":[{"href":"https:\/\/szxqfkj.com\/de\/wp-json\/wp\/v2\/types\/page"}],"author":[{"embeddable":true,"href":"https:\/\/szxqfkj.com\/de\/wp-json\/wp\/v2\/users\/1"}],"replies":[{"embeddable":true,"href":"https:\/\/szxqfkj.com\/de\/wp-json\/wp\/v2\/comments?post=1543"}],"version-history":[{"count":48,"href":"https:\/\/szxqfkj.com\/de\/wp-json\/wp\/v2\/pages\/1543\/revisions"}],"predecessor-version":[{"id":1985,"href":"https:\/\/szxqfkj.com\/de\/wp-json\/wp\/v2\/pages\/1543\/revisions\/1985"}],"wp:attachment":[{"href":"https:\/\/szxqfkj.com\/de\/wp-json\/wp\/v2\/media?parent=1543"}],"curies":[{"name":"wp","href":"https:\/\/api.w.org\/{rel}","templated":true}]}}