{"id":1861,"date":"2025-03-02T16:36:36","date_gmt":"2025-03-02T08:36:36","guid":{"rendered":"https:\/\/szxqfkj.com\/?page_id=1861"},"modified":"2025-08-21T10:11:10","modified_gmt":"2025-08-21T02:11:10","slug":"blog-nachrichten","status":"publish","type":"page","link":"https:\/\/szxqfkj.com\/de\/blog-nachrichten\/","title":{"rendered":"Blog &amp; Nachrichten"},"content":{"rendered":"<section class=\"l-section wpb_row height_medium color_alternate\"><div class=\"l-section-h i-cf\"><div class=\"g-cols vc_row via_grid cols_1 laptops-cols_inherit tablets-cols_inherit mobiles-cols_1 valign_top type_default stacking_default\"><div class=\"wpb_column vc_column_container\"><div class=\"vc_column-inner\"><div class=\"w-hwrapper valign_top align_center\"><form class=\"w-order for_grid us-field-style_1\" action =\"http:\/\/1\" method=\"post\" onsubmit=\"return false;\" data-trp-original-action><div class=\"w-order-select\"><select id=\"us_grid_order_1\" name=\"order\" aria-label=\"Reihenfolge\"><option value=\"\">Datum der Erstellung<\/option><option value=\"date,asc\">Datum der Erstellung | Reihenfolge umkehren<\/option><option value=\"modified\">Datum der Aktualisierung<\/option><option value=\"modified,asc\">Datum der Aktualisierung | Reihenfolge invertieren<\/option><\/select><\/div><input type=\"hidden\" name=\"trp-form-language\" value=\"de\"\/><\/form><\/div><div class=\"w-separator size_medium\"><\/div><div class=\"w-grid us_grid type_grid layout_blog_4 cols_4 valign_center preload_style_spinner\" id=\"us_grid_1\" style=\"--columns:4;--gap:1.5rem;\" data-filterable=\"true\"><style>@media (max-width:1380px){#us_grid_1{--columns:3!important}}@media (max-width:1024px){#us_grid_1{--columns:2!important}}@media (max-width:600px){#us_grid_1{--columns:1!important}}.layout_blog_4 .w-grid-item-h{}.layout_blog_4 .usg_post_image_1{margin-bottom:0.6rem!important}.layout_blog_4 .usg_post_title_1{font-size:1.2rem!important;margin-bottom:0.3rem!important}.layout_blog_4 .usg_post_date_1{color:var(--color-content-faded)!important;font-size:0.8rem!important;line-height:1.6!important}<\/style><div class=\"w-grid-list\">\t<article class=\"w-grid-item size_1x1 post-2328 post type-post status-publish format-standard has-post-thumbnail hentry category-post tag-post\" data-id=\"2328\">\r\n\t\t<div class=\"w-grid-item-h\">\r\n\t\t\t\t\t\t<div class=\"w-post-elm post_image usg_post_image_1 stretched\"><a href=\"https:\/\/szxqfkj.com\/de\/how-blower-fans-support-hvac-in-electric-buses\/\" aria-label=\"Wie Gebl\u00e4se die HLK in Elektrobussen unterst\u00fctzen\"><img loading=\"lazy\" decoding=\"async\" width=\"960\" height=\"640\" src=\"https:\/\/szxqfkj.com\/wp-content\/uploads\/2025\/11\/IMG-1110-1-3_.avif\" class=\"attachment-large size-large wp-post-image\" alt=\"\" srcset=\"https:\/\/szxqfkj.com\/wp-content\/uploads\/2025\/11\/IMG-1110-1-3_.avif 960w, https:\/\/szxqfkj.com\/wp-content\/uploads\/2025\/11\/IMG-1110-1-3_-300x200.jpg 300w, https:\/\/szxqfkj.com\/wp-content\/uploads\/2025\/11\/IMG-1110-1-3_-18x12.jpg 18w, https:\/\/szxqfkj.com\/wp-content\/uploads\/2025\/11\/IMG-1110-1-3_-800x533.jpg 800w, https:\/\/szxqfkj.com\/wp-content\/uploads\/2025\/11\/IMG-1110-1-3_-600x400.jpg 600w, https:\/\/szxqfkj.com\/wp-content\/uploads\/2025\/11\/IMG-1110-1-3_-100x67.jpg 100w, https:\/\/szxqfkj.com\/wp-content\/uploads\/2025\/11\/IMG-1110-1-3_-840x560.jpg 840w\" sizes=\"auto, (max-width: 960px) 100vw, 960px\" \/><\/a><\/div><h2 class=\"w-post-elm post_title usg_post_title_1 entry-title color_link_inherit\"><a href=\"https:\/\/szxqfkj.com\/de\/how-blower-fans-support-hvac-in-electric-buses\/\">Wie Gebl\u00e4se die HLK in Elektrobussen unterst\u00fctzen<\/a><\/h2><time class=\"w-post-elm post_date usg_post_date_1 has_text_color entry-date published\" datetime=\"2025-11-10T15:39:59+08:00\" title=\"10 November 2025 um 15:39:59 +08:00\u00a0Uhr\">vor 6 Monaten<\/time>\t\t<\/div>\r\n\t\t\t<\/article>\r\n\t<article class=\"w-grid-item size_1x1 post-2322 post type-post status-publish format-standard has-post-thumbnail hentry category-post tag-post\" data-id=\"2322\">\r\n\t\t<div class=\"w-grid-item-h\">\r\n\t\t\t\t\t\t<div class=\"w-post-elm post_image usg_post_image_1 stretched\"><a href=\"https:\/\/szxqfkj.com\/de\/why-compact-fans-keep-your-network-alive\/\" aria-label=\"Warum Kompaktl\u00fcfter Ihr Netzwerk am Leben halten\"><img loading=\"lazy\" decoding=\"async\" width=\"960\" height=\"640\" src=\"https:\/\/szxqfkj.com\/wp-content\/uploads\/2025\/11\/IMG1110-1_.avif\" class=\"attachment-large size-large wp-post-image\" alt=\"\" srcset=\"https:\/\/szxqfkj.com\/wp-content\/uploads\/2025\/11\/IMG1110-1_.avif 960w, https:\/\/szxqfkj.com\/wp-content\/uploads\/2025\/11\/IMG1110-1_-300x200.jpg 300w, https:\/\/szxqfkj.com\/wp-content\/uploads\/2025\/11\/IMG1110-1_-18x12.jpg 18w, https:\/\/szxqfkj.com\/wp-content\/uploads\/2025\/11\/IMG1110-1_-800x533.jpg 800w, https:\/\/szxqfkj.com\/wp-content\/uploads\/2025\/11\/IMG1110-1_-600x400.jpg 600w, https:\/\/szxqfkj.com\/wp-content\/uploads\/2025\/11\/IMG1110-1_-100x67.jpg 100w, https:\/\/szxqfkj.com\/wp-content\/uploads\/2025\/11\/IMG1110-1_-840x560.jpg 840w\" sizes=\"auto, (max-width: 960px) 100vw, 960px\" \/><\/a><\/div><h2 class=\"w-post-elm post_title usg_post_title_1 entry-title color_link_inherit\"><a href=\"https:\/\/szxqfkj.com\/de\/why-compact-fans-keep-your-network-alive\/\">Warum Kompaktl\u00fcfter Ihr Netzwerk am Leben halten<\/a><\/h2><time class=\"w-post-elm post_date usg_post_date_1 has_text_color entry-date published\" datetime=\"2025-11-10T15:35:45+08:00\" title=\"10 November 2025 um 15:35:45 +08:00\u00a0Uhr\">vor 6 Monaten<\/time>\t\t<\/div>\r\n\t\t\t<\/article>\r\n\t<article class=\"w-grid-item size_1x1 post-2307 post type-post status-publish format-standard has-post-thumbnail hentry category-post tag-post\" data-id=\"2307\">\r\n\t\t<div class=\"w-grid-item-h\">\r\n\t\t\t\t\t\t<div class=\"w-post-elm post_image usg_post_image_1 stretched\"><a href=\"https:\/\/szxqfkj.com\/de\/case-fans-vs-gpu-fans-whats-the-real-difference\/\" aria-label=\"Geh\u00e4usel\u00fcfter vs. GPU-L\u00fcfter: Was ist der wirkliche Unterschied?\"><img loading=\"lazy\" decoding=\"async\" width=\"960\" height=\"640\" src=\"https:\/\/szxqfkj.com\/wp-content\/uploads\/2025\/10\/img1011-1-3_.avif\" class=\"attachment-large size-large wp-post-image\" alt=\"\" srcset=\"https:\/\/szxqfkj.com\/wp-content\/uploads\/2025\/10\/img1011-1-3_.avif 960w, https:\/\/szxqfkj.com\/wp-content\/uploads\/2025\/10\/img1011-1-3_-300x200.jpg 300w, https:\/\/szxqfkj.com\/wp-content\/uploads\/2025\/10\/img1011-1-3_-18x12.jpg 18w, https:\/\/szxqfkj.com\/wp-content\/uploads\/2025\/10\/img1011-1-3_-800x533.jpg 800w, https:\/\/szxqfkj.com\/wp-content\/uploads\/2025\/10\/img1011-1-3_-600x400.jpg 600w, https:\/\/szxqfkj.com\/wp-content\/uploads\/2025\/10\/img1011-1-3_-100x67.jpg 100w, https:\/\/szxqfkj.com\/wp-content\/uploads\/2025\/10\/img1011-1-3_-840x560.jpg 840w\" sizes=\"auto, (max-width: 960px) 100vw, 960px\" \/><\/a><\/div><h2 class=\"w-post-elm post_title usg_post_title_1 entry-title color_link_inherit\"><a href=\"https:\/\/szxqfkj.com\/de\/case-fans-vs-gpu-fans-whats-the-real-difference\/\">Geh\u00e4usel\u00fcfter vs. GPU-L\u00fcfter: Was ist der wirkliche Unterschied?<\/a><\/h2><time class=\"w-post-elm post_date usg_post_date_1 has_text_color entry-date published\" datetime=\"2025-10-11T10:48:32+08:00\" title=\"11 Oktober 2025 um 10:48:32 +08:00 Uhr\">vor 7 Monaten<\/time>\t\t<\/div>\r\n\t\t\t<\/article>\r\n\t<article class=\"w-grid-item size_1x1 post-2301 post type-post status-publish format-standard has-post-thumbnail hentry category-post tag-post\" data-id=\"2301\">\r\n\t\t<div class=\"w-grid-item-h\">\r\n\t\t\t\t\t\t<div class=\"w-post-elm post_image usg_post_image_1 stretched\"><a href=\"https:\/\/szxqfkj.com\/de\/why-dc-blower-fans-are-the-key-to-cool-vr-performance\/\" aria-label=\"Warum DC-Gebl\u00e4se der Schl\u00fcssel zu k\u00fchler VR-Leistung sind\"><img loading=\"lazy\" decoding=\"async\" width=\"960\" height=\"640\" src=\"https:\/\/szxqfkj.com\/wp-content\/uploads\/2025\/10\/img1011-3_.avif\" class=\"attachment-large size-large wp-post-image\" alt=\"\" srcset=\"https:\/\/szxqfkj.com\/wp-content\/uploads\/2025\/10\/img1011-3_.avif 960w, https:\/\/szxqfkj.com\/wp-content\/uploads\/2025\/10\/img1011-3_-300x200.jpg 300w, https:\/\/szxqfkj.com\/wp-content\/uploads\/2025\/10\/img1011-3_-18x12.jpg 18w, https:\/\/szxqfkj.com\/wp-content\/uploads\/2025\/10\/img1011-3_-800x533.jpg 800w, https:\/\/szxqfkj.com\/wp-content\/uploads\/2025\/10\/img1011-3_-600x400.jpg 600w, https:\/\/szxqfkj.com\/wp-content\/uploads\/2025\/10\/img1011-3_-100x67.jpg 100w, https:\/\/szxqfkj.com\/wp-content\/uploads\/2025\/10\/img1011-3_-840x560.jpg 840w\" sizes=\"auto, (max-width: 960px) 100vw, 960px\" \/><\/a><\/div><h2 class=\"w-post-elm post_title usg_post_title_1 entry-title color_link_inherit\"><a href=\"https:\/\/szxqfkj.com\/de\/why-dc-blower-fans-are-the-key-to-cool-vr-performance\/\">Warum DC-Gebl\u00e4se der Schl\u00fcssel zu k\u00fchler VR-Leistung sind<\/a><\/h2><time class=\"w-post-elm post_date usg_post_date_1 has_text_color entry-date published\" datetime=\"2025-10-11T10:41:48+08:00\" title=\"11 Oktober 2025 um 10:41:48 +08:00 Uhr\">vor 7 Monaten<\/time>\t\t<\/div>\r\n\t\t\t<\/article>\r\n\t<article class=\"w-grid-item size_1x1 post-2294 post type-post status-publish format-standard has-post-thumbnail hentry category-post tag-post\" data-id=\"2294\">\r\n\t\t<div class=\"w-grid-item-h\">\r\n\t\t\t\t\t\t<div class=\"w-post-elm post_image usg_post_image_1 stretched\"><a href=\"https:\/\/szxqfkj.com\/de\/projector-cooling-solutions-why-fans-matter-for-portable-devices\/\" aria-label=\"Projektor-K\u00fchll\u00f6sungen: Warum L\u00fcfter f\u00fcr tragbare Ger\u00e4te wichtig sind\"><img loading=\"lazy\" decoding=\"async\" width=\"960\" height=\"640\" src=\"https:\/\/szxqfkj.com\/wp-content\/uploads\/2025\/09\/img929-1-1.jpeg\" class=\"attachment-large size-large wp-post-image\" alt=\"\" srcset=\"https:\/\/szxqfkj.com\/wp-content\/uploads\/2025\/09\/img929-1-1.jpeg 960w, https:\/\/szxqfkj.com\/wp-content\/uploads\/2025\/09\/img929-1-1-300x200.jpeg 300w, https:\/\/szxqfkj.com\/wp-content\/uploads\/2025\/09\/img929-1-1-18x12.jpeg 18w, https:\/\/szxqfkj.com\/wp-content\/uploads\/2025\/09\/img929-1-1-800x533.jpeg 800w, https:\/\/szxqfkj.com\/wp-content\/uploads\/2025\/09\/img929-1-1-600x400.jpeg 600w, https:\/\/szxqfkj.com\/wp-content\/uploads\/2025\/09\/img929-1-1-100x67.jpeg 100w, https:\/\/szxqfkj.com\/wp-content\/uploads\/2025\/09\/img929-1-1-840x560.jpeg 840w\" sizes=\"auto, (max-width: 960px) 100vw, 960px\" \/><\/a><\/div><h2 class=\"w-post-elm post_title usg_post_title_1 entry-title color_link_inherit\"><a href=\"https:\/\/szxqfkj.com\/de\/projector-cooling-solutions-why-fans-matter-for-portable-devices\/\">Projektor-K\u00fchll\u00f6sungen: Warum L\u00fcfter f\u00fcr tragbare Ger\u00e4te wichtig sind<\/a><\/h2><time class=\"w-post-elm post_date usg_post_date_1 has_text_color entry-date published\" datetime=\"2025-09-29T10:09:51+08:00\" title=\"29 September 2025 um 10:09:51 +08:00 Uhr\">vor 7 Monaten<\/time>\t\t<\/div>\r\n\t\t\t<\/article>\r\n\t<article class=\"w-grid-item size_1x1 post-2288 post type-post status-publish format-standard has-post-thumbnail hentry category-post tag-post\" data-id=\"2288\">\r\n\t\t<div class=\"w-grid-item-h\">\r\n\t\t\t\t\t\t<div class=\"w-post-elm post_image usg_post_image_1 stretched\"><a href=\"https:\/\/szxqfkj.com\/de\/dc-fans-for-preventing-overheating-in-compact-media-centers\/\" aria-label=\"DC-L\u00fcfter zur Verhinderung von \u00dcberhitzung in kompakten Medienzentren\"><img loading=\"lazy\" decoding=\"async\" width=\"960\" height=\"640\" src=\"https:\/\/szxqfkj.com\/wp-content\/uploads\/2025\/09\/img929-1_.avif\" class=\"attachment-large size-large wp-post-image\" alt=\"\" srcset=\"https:\/\/szxqfkj.com\/wp-content\/uploads\/2025\/09\/img929-1_.avif 960w, https:\/\/szxqfkj.com\/wp-content\/uploads\/2025\/09\/img929-1_-300x200.jpg 300w, https:\/\/szxqfkj.com\/wp-content\/uploads\/2025\/09\/img929-1_-18x12.jpg 18w, https:\/\/szxqfkj.com\/wp-content\/uploads\/2025\/09\/img929-1_-800x533.jpg 800w, https:\/\/szxqfkj.com\/wp-content\/uploads\/2025\/09\/img929-1_-600x400.jpg 600w, https:\/\/szxqfkj.com\/wp-content\/uploads\/2025\/09\/img929-1_-100x67.jpg 100w, https:\/\/szxqfkj.com\/wp-content\/uploads\/2025\/09\/img929-1_-840x560.jpg 840w\" sizes=\"auto, (max-width: 960px) 100vw, 960px\" \/><\/a><\/div><h2 class=\"w-post-elm post_title usg_post_title_1 entry-title color_link_inherit\"><a href=\"https:\/\/szxqfkj.com\/de\/dc-fans-for-preventing-overheating-in-compact-media-centers\/\">DC-L\u00fcfter zur Verhinderung von \u00dcberhitzung in kompakten Medienzentren<\/a><\/h2><time class=\"w-post-elm post_date usg_post_date_1 has_text_color entry-date published\" datetime=\"2025-09-29T10:04:40+08:00\" title=\"29 September 2025 um 10:04:40 +08:00 Uhr\">vor 7 Monaten<\/time>\t\t<\/div>\r\n\t\t\t<\/article>\r\n\t<article class=\"w-grid-item size_1x1 post-2270 post type-post status-publish format-standard has-post-thumbnail hentry category-post tag-post\" data-id=\"2270\">\r\n\t\t<div class=\"w-grid-item-h\">\r\n\t\t\t\t\t\t<div class=\"w-post-elm post_image usg_post_image_1 stretched\"><a href=\"https:\/\/szxqfkj.com\/de\/the-essential-role-of-cooling-fans-in-3d-printing\/\" aria-label=\"Die wesentliche Rolle von K\u00fchlventilatoren im 3D-Druck\"><img loading=\"lazy\" decoding=\"async\" width=\"960\" height=\"640\" src=\"https:\/\/szxqfkj.com\/wp-content\/uploads\/2025\/09\/imgagi0915-2_.avif\" class=\"attachment-large size-large wp-post-image\" alt=\"\" srcset=\"https:\/\/szxqfkj.com\/wp-content\/uploads\/2025\/09\/imgagi0915-2_.avif 960w, https:\/\/szxqfkj.com\/wp-content\/uploads\/2025\/09\/imgagi0915-2_-300x200.jpg 300w, https:\/\/szxqfkj.com\/wp-content\/uploads\/2025\/09\/imgagi0915-2_-18x12.jpg 18w, https:\/\/szxqfkj.com\/wp-content\/uploads\/2025\/09\/imgagi0915-2_-800x533.jpg 800w, https:\/\/szxqfkj.com\/wp-content\/uploads\/2025\/09\/imgagi0915-2_-600x400.jpg 600w, https:\/\/szxqfkj.com\/wp-content\/uploads\/2025\/09\/imgagi0915-2_-100x67.jpg 100w, https:\/\/szxqfkj.com\/wp-content\/uploads\/2025\/09\/imgagi0915-2_-840x560.jpg 840w\" sizes=\"auto, (max-width: 960px) 100vw, 960px\" \/><\/a><\/div><h2 class=\"w-post-elm post_title usg_post_title_1 entry-title color_link_inherit\"><a href=\"https:\/\/szxqfkj.com\/de\/the-essential-role-of-cooling-fans-in-3d-printing\/\">Die wesentliche Rolle von K\u00fchlventilatoren im 3D-Druck<\/a><\/h2><time class=\"w-post-elm post_date usg_post_date_1 has_text_color entry-date published\" datetime=\"2025-09-15T11:46:14+08:00\" title=\"15 September 2025 um 11:46:14 +08:00 Uhr\">vor 8\u00a0Monaten<\/time>\t\t<\/div>\r\n\t\t\t<\/article>\r\n\t<article class=\"w-grid-item size_1x1 post-2263 post type-post status-publish format-standard has-post-thumbnail hentry category-post tag-post\" data-id=\"2263\">\r\n\t\t<div class=\"w-grid-item-h\">\r\n\t\t\t\t\t\t<div class=\"w-post-elm post_image usg_post_image_1 stretched\"><a href=\"https:\/\/szxqfkj.com\/de\/why-your-server-case-needs-a-cooling-fan\/\" aria-label=\"Why Your Server Case Needs a Cooling Fan\"><img loading=\"lazy\" decoding=\"async\" width=\"960\" height=\"640\" src=\"https:\/\/szxqfkj.com\/wp-content\/uploads\/2025\/09\/image-0912-1_.avif\" class=\"attachment-large size-large wp-post-image\" alt=\"\" srcset=\"https:\/\/szxqfkj.com\/wp-content\/uploads\/2025\/09\/image-0912-1_.avif 960w, https:\/\/szxqfkj.com\/wp-content\/uploads\/2025\/09\/image-0912-1_-300x200.jpg 300w, https:\/\/szxqfkj.com\/wp-content\/uploads\/2025\/09\/image-0912-1_-18x12.jpg 18w, https:\/\/szxqfkj.com\/wp-content\/uploads\/2025\/09\/image-0912-1_-800x533.jpg 800w, https:\/\/szxqfkj.com\/wp-content\/uploads\/2025\/09\/image-0912-1_-600x400.jpg 600w, https:\/\/szxqfkj.com\/wp-content\/uploads\/2025\/09\/image-0912-1_-100x67.jpg 100w, https:\/\/szxqfkj.com\/wp-content\/uploads\/2025\/09\/image-0912-1_-840x560.jpg 840w\" sizes=\"auto, (max-width: 960px) 100vw, 960px\" \/><\/a><\/div><h2 class=\"w-post-elm post_title usg_post_title_1 entry-title color_link_inherit\"><a href=\"https:\/\/szxqfkj.com\/de\/why-your-server-case-needs-a-cooling-fan\/\">Why Your Server Case Needs a Cooling Fan<\/a><\/h2><time class=\"w-post-elm post_date usg_post_date_1 has_text_color entry-date published\" datetime=\"2025-09-12T11:04:52+08:00\" title=\"12 September 2025 um 11:04:52 +08:00 Uhr\">vor 8\u00a0Monaten<\/time>\t\t<\/div>\r\n\t\t\t<\/article>\r\n\t<article class=\"w-grid-item size_1x1 post-2251 post type-post status-publish format-standard has-post-thumbnail hentry category-post tag-post\" data-id=\"2251\">\r\n\t\t<div class=\"w-grid-item-h\">\r\n\t\t\t\t\t\t<div class=\"w-post-elm post_image usg_post_image_1 stretched\"><a href=\"https:\/\/szxqfkj.com\/de\/centrifugal-fans-or-axial-fans\/\" aria-label=\"Radialventilatoren oder Axialventilatoren?\"><img loading=\"lazy\" decoding=\"async\" width=\"960\" height=\"640\" src=\"https:\/\/szxqfkj.com\/wp-content\/uploads\/2025\/09\/fan-image0911-3_.avif\" class=\"attachment-large size-large wp-post-image\" alt=\"\" srcset=\"https:\/\/szxqfkj.com\/wp-content\/uploads\/2025\/09\/fan-image0911-3_.avif 960w, https:\/\/szxqfkj.com\/wp-content\/uploads\/2025\/09\/fan-image0911-3_-300x200.jpg 300w, https:\/\/szxqfkj.com\/wp-content\/uploads\/2025\/09\/fan-image0911-3_-18x12.jpg 18w, https:\/\/szxqfkj.com\/wp-content\/uploads\/2025\/09\/fan-image0911-3_-800x533.jpg 800w, https:\/\/szxqfkj.com\/wp-content\/uploads\/2025\/09\/fan-image0911-3_-600x400.jpg 600w, https:\/\/szxqfkj.com\/wp-content\/uploads\/2025\/09\/fan-image0911-3_-100x67.jpg 100w, https:\/\/szxqfkj.com\/wp-content\/uploads\/2025\/09\/fan-image0911-3_-840x560.jpg 840w\" sizes=\"auto, (max-width: 960px) 100vw, 960px\" \/><\/a><\/div><h2 class=\"w-post-elm post_title usg_post_title_1 entry-title color_link_inherit\"><a href=\"https:\/\/szxqfkj.com\/de\/centrifugal-fans-or-axial-fans\/\">Radialventilatoren oder Axialventilatoren?<\/a><\/h2><time class=\"w-post-elm post_date usg_post_date_1 has_text_color entry-date published\" datetime=\"2025-09-11T16:31:41+08:00\" title=\"11 September 2025 um 16:31:41 +08:00 Uhr\">vor 8\u00a0Monaten<\/time>\t\t<\/div>\r\n\t\t\t<\/article>\r\n\t<article class=\"w-grid-item size_1x1 post-2245 post type-post status-publish format-standard has-post-thumbnail hentry category-post tag-post\" data-id=\"2245\">\r\n\t\t<div class=\"w-grid-item-h\">\r\n\t\t\t\t\t\t<div class=\"w-post-elm post_image usg_post_image_1 stretched\"><a href=\"https:\/\/szxqfkj.com\/de\/the-essential-role-of-cooling-fans-in-modern-data-center-management\/\" aria-label=\"Die Unverzichtbare Rolle von K\u00fchlventilatoren im Modernen Rechenzentrumsmanagement\"><img loading=\"lazy\" decoding=\"async\" width=\"1024\" height=\"690\" src=\"https:\/\/szxqfkj.com\/wp-content\/uploads\/2025\/09\/img0911-1_-1024x690.jpg\" class=\"attachment-large size-large wp-post-image\" alt=\"\" srcset=\"https:\/\/szxqfkj.com\/wp-content\/uploads\/2025\/09\/img0911-1_-1024x690.jpg 1024w, https:\/\/szxqfkj.com\/wp-content\/uploads\/2025\/09\/img0911-1_-300x202.jpg 300w, https:\/\/szxqfkj.com\/wp-content\/uploads\/2025\/09\/img0911-1_-18x12.jpg 18w, https:\/\/szxqfkj.com\/wp-content\/uploads\/2025\/09\/img0911-1_-800x539.jpg 800w, https:\/\/szxqfkj.com\/wp-content\/uploads\/2025\/09\/img0911-1_-593x400.jpg 593w, https:\/\/szxqfkj.com\/wp-content\/uploads\/2025\/09\/img0911-1_-100x67.jpg 100w, https:\/\/szxqfkj.com\/wp-content\/uploads\/2025\/09\/img0911-1_-840x566.jpg 840w, https:\/\/szxqfkj.com\/wp-content\/uploads\/2025\/09\/img0911-1_-600x404.jpg 600w, https:\/\/szxqfkj.com\/wp-content\/uploads\/2025\/09\/img0911-1_-1001x675.jpg 1001w, https:\/\/szxqfkj.com\/wp-content\/uploads\/2025\/09\/img0911-1_-1050x708.jpg 1050w, https:\/\/szxqfkj.com\/wp-content\/uploads\/2025\/09\/img0911-1_.avif 1359w\" sizes=\"auto, (max-width: 1024px) 100vw, 1024px\" \/><\/a><\/div><h2 class=\"w-post-elm post_title usg_post_title_1 entry-title color_link_inherit\"><a href=\"https:\/\/szxqfkj.com\/de\/the-essential-role-of-cooling-fans-in-modern-data-center-management\/\">Die Unverzichtbare Rolle von K\u00fchlventilatoren im Modernen Rechenzentrumsmanagement<\/a><\/h2><time class=\"w-post-elm post_date usg_post_date_1 has_text_color entry-date published\" datetime=\"2025-09-11T16:26:33+08:00\" title=\"11 September 2025 um 16:26:33 +08:00 Uhr\">vor 8\u00a0Monaten<\/time>\t\t<\/div>\r\n\t\t\t<\/article>\r\n<\/div>\t<div class=\"w-grid-preloader\">\r\n\t\t<div class=\"g-preloader type_1\">\r\n\t\t\t<div><\/div>\r\n\t\t<\/div>\r\n\t<\/div>\r\n\t\t<div class=\"w-grid-json hidden\" onclick='return {&quot;action&quot;:&quot;us_ajax_grid&quot;,&quot;infinite_scroll&quot;:0,&quot;max_num_pages&quot;:2,&quot;pagination&quot;:&quot;none&quot;,&quot;template_vars&quot;:{&quot;columns&quot;:&quot;4&quot;,&quot;exclude_items&quot;:&quot;none&quot;,&quot;img_size&quot;:&quot;default&quot;,&quot;ignore_items_size&quot;:0,&quot;items_layout&quot;:&quot;blog_4&quot;,&quot;items_offset&quot;:&quot;1&quot;,&quot;load_animation&quot;:&quot;none&quot;,&quot;overriding_link&quot;:&quot;%7B%22url%22%3A%22%22%7D&quot;,&quot;post_id&quot;:0,&quot;query_args&quot;:{&quot;post_type&quot;:[&quot;post&quot;],&quot;tax_query&quot;:[{&quot;taxonomy&quot;:&quot;category&quot;,&quot;field&quot;:&quot;slug&quot;,&quot;terms&quot;:[&quot;news&quot;,&quot;post&quot;]},{&quot;taxonomy&quot;:&quot;post_tag&quot;,&quot;field&quot;:&quot;slug&quot;,&quot;terms&quot;:[&quot;news&quot;,&quot;post&quot;]}],&quot;post_status&quot;:[&quot;publish&quot;,&quot;acf-disabled&quot;],&quot;posts_per_page&quot;:&quot;10&quot;},&quot;orderby_query_args&quot;:{&quot;orderby&quot;:{&quot;date&quot;:&quot;DESC&quot;}},&quot;type&quot;:&quot;grid&quot;,&quot;us_grid_post_type&quot;:&quot;post&quot;,&quot;us_grid_ajax_index&quot;:1,&quot;us_grid_filter_query_string&quot;:null,&quot;us_grid_index&quot;:1,&quot;page_args&quot;:[]}}'><\/div>\r\n\t<\/div><\/div><\/div><\/div><\/div><\/section>","protected":false},"excerpt":{"rendered":"K\u00fchlventilatoren sind unverzichtbare Komponenten in Rechenzentren, die als vorderste Verteidigungslinie im W\u00e4rmemanagement dienen, um die Zuverl\u00e4ssigkeit und optimale Leistung kritischer IT-Infrastruktur zu gew\u00e4hrleisten. Mit der zunehmenden Rechenleistung von Rechenzentren steigt auch die Erzeugung erheblicher W\u00e4rme. Dies macht effektive K\u00fchlmechanismen von gr\u00f6\u00dfter Bedeutung, um Ger\u00e4teausf\u00e4lle zu verhindern, die Betriebseffizienz zu optimieren,...","protected":false},"author":1,"featured_media":0,"parent":0,"menu_order":0,"comment_status":"closed","ping_status":"closed","template":"","meta":{"_acf_changed":false,"footnotes":""},"class_list":["post-1861","page","type-page","status-publish","hentry"],"acf":[],"_links":{"self":[{"href":"https:\/\/szxqfkj.com\/de\/wp-json\/wp\/v2\/pages\/1861","targetHints":{"allow":["GET"]}}],"collection":[{"href":"https:\/\/szxqfkj.com\/de\/wp-json\/wp\/v2\/pages"}],"about":[{"href":"https:\/\/szxqfkj.com\/de\/wp-json\/wp\/v2\/types\/page"}],"author":[{"embeddable":true,"href":"https:\/\/szxqfkj.com\/de\/wp-json\/wp\/v2\/users\/1"}],"replies":[{"embeddable":true,"href":"https:\/\/szxqfkj.com\/de\/wp-json\/wp\/v2\/comments?post=1861"}],"version-history":[{"count":5,"href":"https:\/\/szxqfkj.com\/de\/wp-json\/wp\/v2\/pages\/1861\/revisions"}],"predecessor-version":[{"id":1863,"href":"https:\/\/szxqfkj.com\/de\/wp-json\/wp\/v2\/pages\/1861\/revisions\/1863"}],"wp:attachment":[{"href":"https:\/\/szxqfkj.com\/de\/wp-json\/wp\/v2\/media?parent=1861"}],"curies":[{"name":"wp","href":"https:\/\/api.w.org\/{rel}","templated":true}]}}